{"id":1005,"date":"2015-08-19T16:36:56","date_gmt":"2015-08-19T14:36:56","guid":{"rendered":"http:\/\/www.lindenhausen.de\/blog\/?page_id=1005"},"modified":"2015-08-19T23:08:15","modified_gmt":"2015-08-19T21:08:15","slug":"lellei-borhet","status":"publish","type":"page","link":"http:\/\/www.lindenhausen.de\/blog\/reiseberichte-landurlaub\/ungarn-zelten-am-balaton\/ungarn-balatonszemes-august-2015\/lellei-borhet\/","title":{"rendered":"Lellei Borhet"},"content":{"rendered":"<p style=\"text-align: center;\">Jedes Jahr Anfang August findet zu Ehren des Schutzheiligen St. Donatus in Balatonlelle ein <a href=\"https:\/\/www.facebook.com\/lelleiborhet\/timeline\">Weinfest <\/a>statt.<\/p>\n<p style=\"text-align: center;\">H\u00f6hepunkt ist der Sonntag Abend mit dem Auftritt des <a href=\"http:\/\/www.somogytanc.hu\/\">Somogy Tanzha<\/a>z, wer ungarischen Volkstanz erleben m\u00f6chte sollte sich dieses Emsemble merken, f\u00fcr mich immer wieder ein Grund dieses Fest zu besuchen. Handgemachte Musik, Freude am Tanz und ein wahnsinniges Durchhalteverm\u00f6gen<\/p>\n<div id='gallery-1' class='gallery galleryid-1005 gallery-columns-2 gallery-size-medium'><figure class='gallery-item'>\n\t\t\t<div class='gallery-icon landscape'>\n\t\t\t\t<a href='http:\/\/www.lindenhausen.de\/blog\/reiseberichte-landurlaub\/ungarn-zelten-am-balaton\/ungarn-balatonszemes-august-2015\/lellei-borhet\/dsc_0895\/'><img width=\"300\" height=\"199\" src=\"http:\/\/www.lindenhausen.de\/blog\/wp-content\/uploads\/2015\/08\/DSC_0895-300x199.jpg\" class=\"attachment-medium size-medium\" alt=\"\" decoding=\"async\" loading=\"lazy\" srcset=\"http:\/\/www.lindenhausen.de\/blog\/wp-content\/uploads\/2015\/08\/DSC_0895-300x199.jpg 300w, http:\/\/www.lindenhausen.de\/blog\/wp-content\/uploads\/2015\/08\/DSC_0895-1024x678.jpg 1024w, http:\/\/www.lindenhausen.de\/blog\/wp-content\/uploads\/2015\/08\/DSC_0895-e1439973687475.jpg 900w\" sizes=\"(max-width: 300px) 100vw, 300px\" \/><\/a>\n\t\t\t<\/div><\/figure><figure class='gallery-item'>\n\t\t\t<div class='gallery-icon landscape'>\n\t\t\t\t<a href='http:\/\/www.lindenhausen.de\/blog\/reiseberichte-landurlaub\/ungarn-zelten-am-balaton\/ungarn-balatonszemes-august-2015\/lellei-borhet\/dsc_0921\/'><img width=\"300\" height=\"199\" src=\"http:\/\/www.lindenhausen.de\/blog\/wp-content\/uploads\/2015\/08\/DSC_0921-300x199.jpg\" class=\"attachment-medium size-medium\" alt=\"\" decoding=\"async\" loading=\"lazy\" srcset=\"http:\/\/www.lindenhausen.de\/blog\/wp-content\/uploads\/2015\/08\/DSC_0921-300x199.jpg 300w, http:\/\/www.lindenhausen.de\/blog\/wp-content\/uploads\/2015\/08\/DSC_0921-1024x678.jpg 1024w, http:\/\/www.lindenhausen.de\/blog\/wp-content\/uploads\/2015\/08\/DSC_0921-e1439973709636.jpg 900w\" sizes=\"(max-width: 300px) 100vw, 300px\" \/><\/a>\n\t\t\t<\/div><\/figure>\n\t\t<\/div>\n\n<p><iframe loading=\"lazy\" width=\"604\" height=\"340\" src=\"https:\/\/www.youtube.com\/embed\/FfCt6LeyoN0?feature=oembed\" frameborder=\"0\" allowfullscreen><\/iframe><\/p>\n<p>&nbsp;<\/p>\n<p style=\"text-align: center;\">Die Wahl der Weink\u00f6nigin findet statt, es gibt eine kleine Operettengala (<span class=\"st\">Emmerich <em>K\u00e1lm\u00e1n<\/em><\/span> wurde hier in der Gegend geboren) und der Abend endet\u00a0 mit einem sch\u00f6nen\u00a0 Feuerwerk, dazu kann man an den kleinen St\u00e4nden der Weing\u00fcter Weine zum kleinen Preis verkosten und auch f\u00fcr reichlich gutes Essen ist gesorgt.<\/p>\n<p><iframe loading=\"lazy\" width=\"604\" height=\"340\" src=\"https:\/\/www.youtube.com\/embed\/gfNiDrfpUfk?feature=oembed\" frameborder=\"0\" allowfullscreen><\/iframe><\/p>\n<p style=\"text-align: center;\">Ein immer wieder sch\u00f6ner Abend, wer Anfang August an den Balaton f\u00e4hrt sollte sich diesen Termin vormerken.<\/p>\n<p style=\"text-align: center;\">\n<p style=\"text-align: center;\"><a title=\"Kishegy-Tihany\" href=\"http:\/\/www.lindenhausen.de\/blog\/reiseberichte-landurlaub\/ungarn-zelten-am-balaton\/ungarn-balatonszemes-august-2015\/kishegy-tihany\/\">weiter gehts hier \ud83d\ude42<\/a><\/p>\n<p style=\"text-align: center;\">\n","protected":false},"excerpt":{"rendered":"<p>Jedes Jahr Anfang August findet zu Ehren des Schutzheiligen St. Donatus in Balatonlelle ein Weinfest statt. H\u00f6hepunkt ist der Sonntag Abend mit dem Auftritt des Somogy Tanzhaz, wer ungarischen Volkstanz erleben m\u00f6chte sollte sich dieses Emsemble merken, f\u00fcr mich immer wieder ein Grund dieses Fest zu besuchen. Handgemachte Musik, Freude am Tanz und ein wahnsinniges &hellip; <a href=\"http:\/\/www.lindenhausen.de\/blog\/reiseberichte-landurlaub\/ungarn-zelten-am-balaton\/ungarn-balatonszemes-august-2015\/lellei-borhet\/\" class=\"more-link\"><span class=\"screen-reader-text\">Lellei Borhet<\/span> weiterlesen <span class=\"meta-nav\">&rarr;<\/span><\/a><\/p>\n","protected":false},"author":1,"featured_media":0,"parent":984,"menu_order":1,"comment_status":"open","ping_status":"open","template":"","meta":{"_monsterinsights_skip_tracking":false,"_monsterinsights_sitenote_active":false,"_monsterinsights_sitenote_note":"","_monsterinsights_sitenote_category":0},"yoast_head":"<!-- This site is optimized with the Yoast SEO plugin v21.0 - https:\/\/yoast.com\/wordpress\/plugins\/seo\/ -->\n<title>Lellei Borhet - Lindenhausen-weil Reisen Spa\u00df macht<\/title>\n<meta name=\"robots\" content=\"index, follow, max-snippet:-1, max-image-preview:large, max-video-preview:-1\" \/>\n<link rel=\"canonical\" href=\"https:\/\/www.lindenhausen.de\/blog\/reiseberichte-landurlaub\/ungarn-zelten-am-balaton\/ungarn-balatonszemes-august-2015\/lellei-borhet\/\" \/>\n<meta property=\"og:locale\" content=\"de_DE\" \/>\n<meta property=\"og:type\" content=\"article\" \/>\n<meta property=\"og:title\" content=\"Lellei Borhet - Lindenhausen-weil Reisen Spa\u00df macht\" \/>\n<meta property=\"og:description\" content=\"Jedes Jahr Anfang August findet zu Ehren des Schutzheiligen St. Donatus in Balatonlelle ein Weinfest statt. H\u00f6hepunkt ist der Sonntag Abend mit dem Auftritt des Somogy Tanzhaz, wer ungarischen Volkstanz erleben m\u00f6chte sollte sich dieses Emsemble merken, f\u00fcr mich immer wieder ein Grund dieses Fest zu besuchen. Handgemachte Musik, Freude am Tanz und ein wahnsinniges &hellip; Lellei Borhet weiterlesen &rarr;\" \/>\n<meta property=\"og:url\" content=\"https:\/\/www.lindenhausen.de\/blog\/reiseberichte-landurlaub\/ungarn-zelten-am-balaton\/ungarn-balatonszemes-august-2015\/lellei-borhet\/\" \/>\n<meta property=\"og:site_name\" content=\"Lindenhausen-weil Reisen Spa\u00df macht\" \/>\n<meta property=\"article:publisher\" content=\"http:\/\/www.facebook.com\/Lindenhausen\/\" \/>\n<meta property=\"article:modified_time\" content=\"2015-08-19T21:08:15+00:00\" \/>\n<meta property=\"og:image\" content=\"https:\/\/www.lindenhausen.de\/blog\/wp-content\/uploads\/2015\/08\/DSC_0895-300x199.jpg\" \/>\n<meta name=\"twitter:card\" content=\"summary_large_image\" \/>\n<meta name=\"twitter:site\" content=\"@Maxilinde\" \/>\n<meta name=\"twitter:label1\" content=\"Gesch\u00e4tzte Lesezeit\" \/>\n\t<meta name=\"twitter:data1\" content=\"1\u00a0Minute\" \/>\n<script type=\"application\/ld+json\" class=\"yoast-schema-graph\">{\"@context\":\"https:\/\/schema.org\",\"@graph\":[{\"@type\":\"WebPage\",\"@id\":\"https:\/\/www.lindenhausen.de\/blog\/reiseberichte-landurlaub\/ungarn-zelten-am-balaton\/ungarn-balatonszemes-august-2015\/lellei-borhet\/\",\"url\":\"https:\/\/www.lindenhausen.de\/blog\/reiseberichte-landurlaub\/ungarn-zelten-am-balaton\/ungarn-balatonszemes-august-2015\/lellei-borhet\/\",\"name\":\"Lellei Borhet - Lindenhausen-weil Reisen Spa\u00df macht\",\"isPartOf\":{\"@id\":\"https:\/\/www.lindenhausen.de\/blog\/#website\"},\"datePublished\":\"2015-08-19T14:36:56+00:00\",\"dateModified\":\"2015-08-19T21:08:15+00:00\",\"breadcrumb\":{\"@id\":\"https:\/\/www.lindenhausen.de\/blog\/reiseberichte-landurlaub\/ungarn-zelten-am-balaton\/ungarn-balatonszemes-august-2015\/lellei-borhet\/#breadcrumb\"},\"inLanguage\":\"de\",\"potentialAction\":[{\"@type\":\"ReadAction\",\"target\":[\"https:\/\/www.lindenhausen.de\/blog\/reiseberichte-landurlaub\/ungarn-zelten-am-balaton\/ungarn-balatonszemes-august-2015\/lellei-borhet\/\"]}]},{\"@type\":\"BreadcrumbList\",\"@id\":\"https:\/\/www.lindenhausen.de\/blog\/reiseberichte-landurlaub\/ungarn-zelten-am-balaton\/ungarn-balatonszemes-august-2015\/lellei-borhet\/#breadcrumb\",\"itemListElement\":[{\"@type\":\"ListItem\",\"position\":1,\"name\":\"Startseite\",\"item\":\"https:\/\/www.lindenhausen.de\/blog\/\"},{\"@type\":\"ListItem\",\"position\":2,\"name\":\"Reiseberichte Landurlaub\",\"item\":\"http:\/\/www.lindenhausen.de\/blog\/reiseberichte-landurlaub\/\"},{\"@type\":\"ListItem\",\"position\":3,\"name\":\"Ungarn- Zelten am Balaton\",\"item\":\"http:\/\/www.lindenhausen.de\/blog\/reiseberichte-landurlaub\/ungarn-zelten-am-balaton\/\"},{\"@type\":\"ListItem\",\"position\":4,\"name\":\"Ungarn-Balatonszemes August 2015\",\"item\":\"http:\/\/www.lindenhausen.de\/blog\/reiseberichte-landurlaub\/ungarn-zelten-am-balaton\/ungarn-balatonszemes-august-2015\/\"},{\"@type\":\"ListItem\",\"position\":5,\"name\":\"Lellei Borhet\"}]},{\"@type\":\"WebSite\",\"@id\":\"https:\/\/www.lindenhausen.de\/blog\/#website\",\"url\":\"https:\/\/www.lindenhausen.de\/blog\/\",\"name\":\"Lindenhausen-weil Reisen Spa\u00df macht\",\"description\":\"Reisen und Kreuzfahrten, Reiseberichte, Kreuzfahrtforum\",\"potentialAction\":[{\"@type\":\"SearchAction\",\"target\":{\"@type\":\"EntryPoint\",\"urlTemplate\":\"https:\/\/www.lindenhausen.de\/blog\/?s={search_term_string}\"},\"query-input\":\"required name=search_term_string\"}],\"inLanguage\":\"de\"}]}<\/script>\n<!-- \/ Yoast SEO plugin. -->","yoast_head_json":{"title":"Lellei Borhet - Lindenhausen-weil Reisen Spa\u00df macht","robots":{"index":"index","follow":"follow","max-snippet":"max-snippet:-1","max-image-preview":"max-image-preview:large","max-video-preview":"max-video-preview:-1"},"canonical":"https:\/\/www.lindenhausen.de\/blog\/reiseberichte-landurlaub\/ungarn-zelten-am-balaton\/ungarn-balatonszemes-august-2015\/lellei-borhet\/","og_locale":"de_DE","og_type":"article","og_title":"Lellei Borhet - Lindenhausen-weil Reisen Spa\u00df macht","og_description":"Jedes Jahr Anfang August findet zu Ehren des Schutzheiligen St. Donatus in Balatonlelle ein Weinfest statt. H\u00f6hepunkt ist der Sonntag Abend mit dem Auftritt des Somogy Tanzhaz, wer ungarischen Volkstanz erleben m\u00f6chte sollte sich dieses Emsemble merken, f\u00fcr mich immer wieder ein Grund dieses Fest zu besuchen. Handgemachte Musik, Freude am Tanz und ein wahnsinniges &hellip; Lellei Borhet weiterlesen &rarr;","og_url":"https:\/\/www.lindenhausen.de\/blog\/reiseberichte-landurlaub\/ungarn-zelten-am-balaton\/ungarn-balatonszemes-august-2015\/lellei-borhet\/","og_site_name":"Lindenhausen-weil Reisen Spa\u00df macht","article_publisher":"http:\/\/www.facebook.com\/Lindenhausen\/","article_modified_time":"2015-08-19T21:08:15+00:00","og_image":[{"url":"https:\/\/www.lindenhausen.de\/blog\/wp-content\/uploads\/2015\/08\/DSC_0895-300x199.jpg"}],"twitter_card":"summary_large_image","twitter_site":"@Maxilinde","twitter_misc":{"Gesch\u00e4tzte Lesezeit":"1\u00a0Minute"},"schema":{"@context":"https:\/\/schema.org","@graph":[{"@type":"WebPage","@id":"https:\/\/www.lindenhausen.de\/blog\/reiseberichte-landurlaub\/ungarn-zelten-am-balaton\/ungarn-balatonszemes-august-2015\/lellei-borhet\/","url":"https:\/\/www.lindenhausen.de\/blog\/reiseberichte-landurlaub\/ungarn-zelten-am-balaton\/ungarn-balatonszemes-august-2015\/lellei-borhet\/","name":"Lellei Borhet - Lindenhausen-weil Reisen Spa\u00df macht","isPartOf":{"@id":"https:\/\/www.lindenhausen.de\/blog\/#website"},"datePublished":"2015-08-19T14:36:56+00:00","dateModified":"2015-08-19T21:08:15+00:00","breadcrumb":{"@id":"https:\/\/www.lindenhausen.de\/blog\/reiseberichte-landurlaub\/ungarn-zelten-am-balaton\/ungarn-balatonszemes-august-2015\/lellei-borhet\/#breadcrumb"},"inLanguage":"de","potentialAction":[{"@type":"ReadAction","target":["https:\/\/www.lindenhausen.de\/blog\/reiseberichte-landurlaub\/ungarn-zelten-am-balaton\/ungarn-balatonszemes-august-2015\/lellei-borhet\/"]}]},{"@type":"BreadcrumbList","@id":"https:\/\/www.lindenhausen.de\/blog\/reiseberichte-landurlaub\/ungarn-zelten-am-balaton\/ungarn-balatonszemes-august-2015\/lellei-borhet\/#breadcrumb","itemListElement":[{"@type":"ListItem","position":1,"name":"Startseite","item":"https:\/\/www.lindenhausen.de\/blog\/"},{"@type":"ListItem","position":2,"name":"Reiseberichte Landurlaub","item":"http:\/\/www.lindenhausen.de\/blog\/reiseberichte-landurlaub\/"},{"@type":"ListItem","position":3,"name":"Ungarn- Zelten am Balaton","item":"http:\/\/www.lindenhausen.de\/blog\/reiseberichte-landurlaub\/ungarn-zelten-am-balaton\/"},{"@type":"ListItem","position":4,"name":"Ungarn-Balatonszemes August 2015","item":"http:\/\/www.lindenhausen.de\/blog\/reiseberichte-landurlaub\/ungarn-zelten-am-balaton\/ungarn-balatonszemes-august-2015\/"},{"@type":"ListItem","position":5,"name":"Lellei Borhet"}]},{"@type":"WebSite","@id":"https:\/\/www.lindenhausen.de\/blog\/#website","url":"https:\/\/www.lindenhausen.de\/blog\/","name":"Lindenhausen-weil Reisen Spa\u00df macht","description":"Reisen und Kreuzfahrten, Reiseberichte, Kreuzfahrtforum","potentialAction":[{"@type":"SearchAction","target":{"@type":"EntryPoint","urlTemplate":"https:\/\/www.lindenhausen.de\/blog\/?s={search_term_string}"},"query-input":"required name=search_term_string"}],"inLanguage":"de"}]}},"_links":{"self":[{"href":"http:\/\/www.lindenhausen.de\/blog\/wp-json\/wp\/v2\/pages\/1005"}],"collection":[{"href":"http:\/\/www.lindenhausen.de\/blog\/wp-json\/wp\/v2\/pages"}],"about":[{"href":"http:\/\/www.lindenhausen.de\/blog\/wp-json\/wp\/v2\/types\/page"}],"author":[{"embeddable":true,"href":"http:\/\/www.lindenhausen.de\/blog\/wp-json\/wp\/v2\/users\/1"}],"replies":[{"embeddable":true,"href":"http:\/\/www.lindenhausen.de\/blog\/wp-json\/wp\/v2\/comments?post=1005"}],"version-history":[{"count":3,"href":"http:\/\/www.lindenhausen.de\/blog\/wp-json\/wp\/v2\/pages\/1005\/revisions"}],"predecessor-version":[{"id":1102,"href":"http:\/\/www.lindenhausen.de\/blog\/wp-json\/wp\/v2\/pages\/1005\/revisions\/1102"}],"up":[{"embeddable":true,"href":"http:\/\/www.lindenhausen.de\/blog\/wp-json\/wp\/v2\/pages\/984"}],"wp:attachment":[{"href":"http:\/\/www.lindenhausen.de\/blog\/wp-json\/wp\/v2\/media?parent=1005"}],"curies":[{"name":"wp","href":"https:\/\/api.w.org\/{rel}","templated":true}]}}